{"id":116,"date":"2019-08-12T02:26:10","date_gmt":"2019-08-12T02:26:10","guid":{"rendered":"http:\/\/hieroitzo.copista.de\/?page_id=116"},"modified":"2019-08-16T13:05:36","modified_gmt":"2019-08-16T13:05:36","slug":"hiero-itzo-menschen","status":"publish","type":"page","link":"http:\/\/hieroitzo.copista.de\/?page_id=116","title":{"rendered":"HIERO ITZO Menschen"},"content":{"rendered":"\n<p><strong>Nat\u00fcrlich ver\u00e4nderte sich fast monatlich das HIERO ITZO-Team. Die einzelnen Impressen findet ihr in den Beitr\u00e4gen der jeweiligen Ausgaben. Aktualisierungen erfolgen sukzessiv mit der Bearbeitung weiterer Ausgaben. (Auf das gendern der Funktionen wird aus ideologischen und historischen Gr\u00fcnden verzichtet.)<\/strong><\/p>\n\n\n\n<p><\/p>\n\n\n\n<h2>1976-1980<\/h2>\n\n\n\n<h4>Herausgeber<\/h4>\n\n\n\n<p>Verein zur F\u00f6rderung der kulturellen Kommunikation e.V., Burgstra\u00dfe 24, G\u00f6ttingen<\/p>\n\n\n\n<h4>Team\/Redaktion<\/h4>\n\n\n\n<p>(QUELLE: IMPRESSUM 7\/77): Gerhard Hahn, Hemul Kuhn, Christian M\u00fcller, Siegfried Sch\u00e4fer, Martin Schmidt, Roland Schulze, Christoph Thomssen, Joachim Winters,<\/p>\n\n\n\n<h4>Mitarbeiter<\/h4>\n\n\n\n<p>Reinhard Donath, Angela Hahn, Heinrich Herlyn, Tina de Paoli, Ralf Ruhl<\/p>\n\n\n\n<h4>Autoren\/Mitarbeiter einzelner Ausgaben<\/h4>\n\n\n\n<p>Hartmut Kulmen, Norbert Ney, Pierre Politz, Martin Tibbe, Fritz Weigle, Reinhold Wittig,<\/p>\n\n\n\n<h2>1981-1982<\/h2>\n\n\n\n<p><\/p>\n\n\n\n<p><\/p>\n\n\n\n<h2>1983-1986 (Sept)<\/h2>\n\n\n\n<p><\/p>\n\n\n\n<h4>Redaktion<\/h4>\n\n\n\n<p>Werner Baulig, Gerald Blauermel, Tina Fibiger, Ulrich Kielfeld, Peter Kr\u00fcger, H.P. Meyer, Ralph Otto, Gotthard Penk, Andrea Riedel, Michael Schmelich, Tilmann Zschiesche<\/p>\n\n\n\n<p><\/p>\n\n\n\n<p><\/p>\n\n\n\n<h4>Mitarbeiter<\/h4>\n\n\n\n<p>Birgit Ansch\u00fctz, Werner Baulig, Thomas Besser, Harald Fischer, Rolf Hagedorn, Britta Hansen-Schmidt (Grafik), Reinhard Janson, Axel K\u00fcstner (Foto), Birgit Meinecke (Office), Patricia von Ostheim, Thomas Schindler, Eva Schlotheuber (Zeichnungen), Karin Schmelich (Satz &amp; mehr), Tillmann (Karikaturen), Almut Th\u00f6king, Ren\u00e9 Weber (Anzeigen) Patricia Zimnik<\/p>\n\n\n\n<p><\/p>\n\n\n\n<h4>Autoren<\/h4>\n\n\n\n<p><strong>Bei einige Autorennamen waren der Phantasie keine Grenzen <\/strong>gesetzt.<\/p>\n\n\n\n<p>Axel Artmann, Albert Baer, Bettina Bormann (Cartoon), Ingolf Dammasch, Sami Dschungaschwili, Dietrich Engelhardt, Wolfgang Eschner, Anne Furtw\u00e4ngler (Foto), Fake U, Jan Gonschorek, Michael H\u00e4nel, Dirk Heimberg, J\u00f6rg Homjakoff, Horst Janzen, Gerd Jochum, Frank K\u00f6nig, Martin K\u00fchn, Alfred Kr\u00fcger, Kurt Maifeld, Holger Manier, Herwig Mitteregger, Peter Neu, Rainer Obert, Gernot Ohrt, Livius Pundsack, Lothar Reese, Bettina Schmidt, Ingrid Schramme, Karl Schaumburg (a.k.a. Ralph Otto), Wolfgang Tippe, Mahatma Washington, Anatol Weber<\/p>\n\n\n\n<p><\/p>\n\n\n\n<h4>Herausgeber<\/h4>\n\n\n\n<p>Michael Schmelich (ab Okt. 1983)<\/p>\n\n\n\n<p><\/p>\n\n\n\n<h4>Verlag<\/h4>\n\n\n\n<p>Hartmut Bremer, atelier Niedernjesa (bis Februar 1985); Michael Schmelich (ab Febr. 1985)<\/p>\n\n\n\n<p><\/p>\n\n\n\n<p><\/p>\n\n\n\n<p style=\"text-align:left\"><\/p>\n\n\n\n<h4>Redaktionsanschriften<\/h4>\n\n\n\n<p><\/p>\n","protected":false},"excerpt":{"rendered":"<p>Nat\u00fcrlich ver\u00e4nderte sich fast monatlich das HIERO ITZO-Team. Die einzelnen Impressen findet ihr in den Beitr\u00e4gen der jeweiligen Ausgaben. Aktualisierungen erfolgen sukzessiv mit der Bearbeitung weiterer Ausgaben. (Auf das gendern der Funktionen wird aus ideologischen und historischen Gr\u00fcnden verzichtet.) 1976-1980 Herausgeber Verein zur F\u00f6rderung der kulturellen Kommunikation e.V., Burgstra\u00dfe 24, G\u00f6ttingen Team\/Redaktion (QUELLE: IMPRESSUM 7\/77): &hellip; <a href=\"http:\/\/hieroitzo.copista.de\/?page_id=116\" class=\"more-link\"><span class=\"screen-reader-text\">&#8222;HIERO ITZO Menschen&#8220; <\/span>weiterlesen<\/a><\/p>\n","protected":false},"author":1,"featured_media":0,"parent":0,"menu_order":0,"comment_status":"open","ping_status":"closed","template":"","meta":[],"_links":{"self":[{"href":"http:\/\/hieroitzo.copista.de\/index.php?rest_route=\/wp\/v2\/pages\/116"}],"collection":[{"href":"http:\/\/hieroitzo.copista.de\/index.php?rest_route=\/wp\/v2\/pages"}],"about":[{"href":"http:\/\/hieroitzo.copista.de\/index.php?rest_route=\/wp\/v2\/types\/page"}],"author":[{"embeddable":true,"href":"http:\/\/hieroitzo.copista.de\/index.php?rest_route=\/wp\/v2\/users\/1"}],"replies":[{"embeddable":true,"href":"http:\/\/hieroitzo.copista.de\/index.php?rest_route=%2Fwp%2Fv2%2Fcomments&post=116"}],"version-history":[{"count":27,"href":"http:\/\/hieroitzo.copista.de\/index.php?rest_route=\/wp\/v2\/pages\/116\/revisions"}],"predecessor-version":[{"id":301,"href":"http:\/\/hieroitzo.copista.de\/index.php?rest_route=\/wp\/v2\/pages\/116\/revisions\/301"}],"wp:attachment":[{"href":"http:\/\/hieroitzo.copista.de\/index.php?rest_route=%2Fwp%2Fv2%2Fmedia&parent=116"}],"curies":[{"name":"wp","href":"https:\/\/api.w.org\/{rel}","templated":true}]}}